{"id":2114,"date":"2012-08-02T20:01:11","date_gmt":"2012-08-02T20:01:11","guid":{"rendered":"http:\/\/themes.goodlayers.com\/copolio\/?page_id=2114"},"modified":"2023-08-22T12:55:05","modified_gmt":"2023-08-22T16:55:05","slug":"preguntas-frecuentes","status":"publish","type":"page","link":"https:\/\/webexito.com\/wmp\/preguntas-frecuentes\/","title":{"rendered":"Preguntas Frecuentes"},"content":{"rendered":"\t\t<div data-elementor-type=\"wp-page\" data-elementor-id=\"2114\" class=\"elementor elementor-2114\" data-elementor-post-type=\"page\">\n\t\t\t\t\t\t<section class=\"elementor-section elementor-top-section elementor-element elementor-element-36c4cd2 elementor-section-boxed elementor-section-height-default elementor-section-height-default\" data-id=\"36c4cd2\" data-element_type=\"section\">\n\t\t\t\t\t\t<div class=\"elementor-container elementor-column-gap-default\">\n\t\t\t\t\t<div class=\"elementor-column elementor-col-50 elementor-top-column elementor-element elementor-element-defc108\" data-id=\"defc108\" data-element_type=\"column\">\n\t\t\t<div class=\"elementor-widget-wrap elementor-element-populated\">\n\t\t\t\t\t\t<div class=\"elementor-element elementor-element-9b1e2ff elementor-widget elementor-widget-accordion\" data-id=\"9b1e2ff\" data-element_type=\"widget\" data-widget_type=\"accordion.default\">\n\t\t\t\t<div class=\"elementor-widget-container\">\n\t\t\t\t\t\t\t<div class=\"elementor-accordion\">\n\t\t\t\t\t\t\t<div class=\"elementor-accordion-item\">\n\t\t\t\t\t<div id=\"elementor-tab-title-1621\" class=\"elementor-tab-title\" data-tab=\"1\" role=\"button\" aria-controls=\"elementor-tab-content-1621\" aria-expanded=\"false\">\n\t\t\t\t\t\t\t\t\t\t\t\t\t<span class=\"elementor-accordion-icon elementor-accordion-icon-left\" aria-hidden=\"true\">\n\t\t\t\t\t\t\t\t\t\t\t\t\t\t\t<span class=\"elementor-accordion-icon-closed\"><i class=\"fas fa-plus\"><\/i><\/span>\n\t\t\t\t\t\t\t\t<span class=\"elementor-accordion-icon-opened\"><i class=\"fas fa-minus\"><\/i><\/span>\n\t\t\t\t\t\t\t\t\t\t\t\t\t\t<\/span>\n\t\t\t\t\t\t\t\t\t\t\t\t<a class=\"elementor-accordion-title\" tabindex=\"0\">\u00bfEl aborto es legal en Puerto Rico?<\/a>\n\t\t\t\t\t<\/div>\n\t\t\t\t\t<div id=\"elementor-tab-content-1621\" class=\"elementor-tab-content elementor-clearfix\" data-tab=\"1\" role=\"region\" aria-labelledby=\"elementor-tab-title-1621\"><p>En Puerto Rico el aborto es legal. El aborto quir\u00fargico ha sido estudiado por m\u00e1s de 35 a\u00f1os y se ha demostrado que es m\u00e1s de 99% efectivo.<\/p><p>Conoce mas al respecto <a href=\"https:\/\/webexito.com\/wmp\/preguntas-frecuentes\/el-aborto-es-legal-en-puerto-rico\/\">aqui<\/a><\/p><\/div>\n\t\t\t\t<\/div>\n\t\t\t\t\t\t\t<div class=\"elementor-accordion-item\">\n\t\t\t\t\t<div id=\"elementor-tab-title-1622\" class=\"elementor-tab-title\" data-tab=\"2\" role=\"button\" aria-controls=\"elementor-tab-content-1622\" aria-expanded=\"false\">\n\t\t\t\t\t\t\t\t\t\t\t\t\t<span class=\"elementor-accordion-icon elementor-accordion-icon-left\" aria-hidden=\"true\">\n\t\t\t\t\t\t\t\t\t\t\t\t\t\t\t<span class=\"elementor-accordion-icon-closed\"><i class=\"fas fa-plus\"><\/i><\/span>\n\t\t\t\t\t\t\t\t<span class=\"elementor-accordion-icon-opened\"><i class=\"fas fa-minus\"><\/i><\/span>\n\t\t\t\t\t\t\t\t\t\t\t\t\t\t<\/span>\n\t\t\t\t\t\t\t\t\t\t\t\t<a class=\"elementor-accordion-title\" tabindex=\"0\">\u00bfEl aborto es seguro y confiable?<\/a>\n\t\t\t\t\t<\/div>\n\t\t\t\t\t<div id=\"elementor-tab-content-1622\" class=\"elementor-tab-content elementor-clearfix\" data-tab=\"2\" role=\"region\" aria-labelledby=\"elementor-tab-title-1622\"><p>Cuando el aborto se realiza en el primer trimestre de embarazo, el mismo es 10 veces m\u00e1s seguro que dar a luz y no afecta el dar a luz en el futuro; es r\u00e1pido (se termina en unos cuantos minutos), y es muy raro tener complicaciones serias. Es por eso que en Women\u2019s Medical Pavilion solo atendemos aquellas pacientes que se encuentran entre su 6ta y su 14ta semana de embarazo.<\/p><p>Conoce mas al respecto <a href=\"https:\/\/webexito.com\/wmp\/preguntas-frecuentes\/aborto-seguro-y-confiable\/\">aqui<\/a><\/p><\/div>\n\t\t\t\t<\/div>\n\t\t\t\t\t\t\t<div class=\"elementor-accordion-item\">\n\t\t\t\t\t<div id=\"elementor-tab-title-1623\" class=\"elementor-tab-title\" data-tab=\"3\" role=\"button\" aria-controls=\"elementor-tab-content-1623\" aria-expanded=\"false\">\n\t\t\t\t\t\t\t\t\t\t\t\t\t<span class=\"elementor-accordion-icon elementor-accordion-icon-left\" aria-hidden=\"true\">\n\t\t\t\t\t\t\t\t\t\t\t\t\t\t\t<span class=\"elementor-accordion-icon-closed\"><i class=\"fas fa-plus\"><\/i><\/span>\n\t\t\t\t\t\t\t\t<span class=\"elementor-accordion-icon-opened\"><i class=\"fas fa-minus\"><\/i><\/span>\n\t\t\t\t\t\t\t\t\t\t\t\t\t\t<\/span>\n\t\t\t\t\t\t\t\t\t\t\t\t<a class=\"elementor-accordion-title\" tabindex=\"0\">\u00bfEl proceso es confidencial?<\/a>\n\t\t\t\t\t<\/div>\n\t\t\t\t\t<div id=\"elementor-tab-content-1623\" class=\"elementor-tab-content elementor-clearfix\" data-tab=\"3\" role=\"region\" aria-labelledby=\"elementor-tab-title-1623\"><p>Tu informaci\u00f3n y procedimiento es completamente confidencial. Nuestro equipo experto te ofrecer\u00e1 un servicio personalizado.<\/p><\/div>\n\t\t\t\t<\/div>\n\t\t\t\t\t\t\t<div class=\"elementor-accordion-item\">\n\t\t\t\t\t<div id=\"elementor-tab-title-1624\" class=\"elementor-tab-title\" data-tab=\"4\" role=\"button\" aria-controls=\"elementor-tab-content-1624\" aria-expanded=\"false\">\n\t\t\t\t\t\t\t\t\t\t\t\t\t<span class=\"elementor-accordion-icon elementor-accordion-icon-left\" aria-hidden=\"true\">\n\t\t\t\t\t\t\t\t\t\t\t\t\t\t\t<span class=\"elementor-accordion-icon-closed\"><i class=\"fas fa-plus\"><\/i><\/span>\n\t\t\t\t\t\t\t\t<span class=\"elementor-accordion-icon-opened\"><i class=\"fas fa-minus\"><\/i><\/span>\n\t\t\t\t\t\t\t\t\t\t\t\t\t\t<\/span>\n\t\t\t\t\t\t\t\t\t\t\t\t<a class=\"elementor-accordion-title\" tabindex=\"0\">\u00bfCu\u00e1nto cuesta un aborto?<\/a>\n\t\t\t\t\t<\/div>\n\t\t\t\t\t<div id=\"elementor-tab-content-1624\" class=\"elementor-tab-content elementor-clearfix\" data-tab=\"4\" role=\"region\" aria-labelledby=\"elementor-tab-title-1624\"><p>Si decides terminar el embarazo, en nuestra cl\u00ednica te haremos un examen p\u00e9lvico y un sonograma. Estos nos indicar\u00e1n el tiempo&nbsp;<strong>exacto<\/strong>&nbsp;del embarazo, lo que determinar\u00e1 el costo del procedimiento: mientras m\u00e1s tiempo de embarazo mayor es el costo.<\/p>\n<p>Somos la \u00fanica cl\u00ednica en Puerto Rico que cuenta con los servicios de m\u00e9dico internista, m\u00e9dico generalista y un personal de enfermer\u00eda altamente calificado, comprometidos con tu integridad f\u00edsica y emocional.<\/p>\n<p><strong>* Trat\u00e1ndose de un procedimiento m\u00e9dico quir\u00fargico el precio no debe ser lo determinante al tomar la decisi\u00f3n de d\u00f3nde atenderte *<\/strong><\/p>\n<ul>\n<li>De 6 hasta 8 semanas de embarazo $395.00<\/li>\n<li>De 8+ hasta 14 semanas de embarazo $495.00<\/li>\n<\/ul>\n<p>*Como podr\u00e1s notar, mientras m\u00e1s pronto te atiendas m\u00e1s bajo ser\u00e1 el costo*<\/p><\/div>\n\t\t\t\t<\/div>\n\t\t\t\t\t\t\t<div class=\"elementor-accordion-item\">\n\t\t\t\t\t<div id=\"elementor-tab-title-1625\" class=\"elementor-tab-title\" data-tab=\"5\" role=\"button\" aria-controls=\"elementor-tab-content-1625\" aria-expanded=\"false\">\n\t\t\t\t\t\t\t\t\t\t\t\t\t<span class=\"elementor-accordion-icon elementor-accordion-icon-left\" aria-hidden=\"true\">\n\t\t\t\t\t\t\t\t\t\t\t\t\t\t\t<span class=\"elementor-accordion-icon-closed\"><i class=\"fas fa-plus\"><\/i><\/span>\n\t\t\t\t\t\t\t\t<span class=\"elementor-accordion-icon-opened\"><i class=\"fas fa-minus\"><\/i><\/span>\n\t\t\t\t\t\t\t\t\t\t\t\t\t\t<\/span>\n\t\t\t\t\t\t\t\t\t\t\t\t<a class=\"elementor-accordion-title\" tabindex=\"0\">\u00bfQu\u00e9 incluye el precio?<\/a>\n\t\t\t\t\t<\/div>\n\t\t\t\t\t<div id=\"elementor-tab-content-1625\" class=\"elementor-tab-content elementor-clearfix\" data-tab=\"5\" role=\"region\" aria-labelledby=\"elementor-tab-title-1625\"><p>En Women\u2019s Medical Pavilion el precio del procedimiento lo incluye\u00a0<strong>todo<\/strong>\u00a0evit\u00e1ndote as\u00ed incurrir en gastos adicionales inesperados:<\/p><ul><li>prueba de embarazo<\/li><li>prueba de laboratorio (hematocritos)<\/li><li>examen p\u00e9lvico<\/li><li>sonograma antes y despu\u00e9s del procedimiento<\/li><li>evaluaci\u00f3n por m\u00e9dico internista*<\/li><li>anestesia local<\/li><li>terminaci\u00f3n del embarazo<\/li><li>antibi\u00f3ticos para llevar contigo<\/li><li>asistencia por tel\u00e9fono 24\/7 para cualquier pregunta\u00a0<strong>despu\u00e9s del procedimiento<\/strong><\/li><\/ul><p>*Algunas pacientes con condiciones especiales de salud como diabetes, hipertensi\u00f3n, prolapso de v\u00e1lvula mitral, entre otras, necesitan que un m\u00e9dico internista las eval\u00fae antes de una terminaci\u00f3n de embarazo. Esta evaluaci\u00f3n m\u00e9dica, que normalmente tiene un costo de entre $75.00 y $125.00, es\u00a0<strong>gratis<\/strong>\u00a0para nuestras pacientes.<\/p><\/div>\n\t\t\t\t<\/div>\n\t\t\t\t\t\t\t<div class=\"elementor-accordion-item\">\n\t\t\t\t\t<div id=\"elementor-tab-title-1626\" class=\"elementor-tab-title\" data-tab=\"6\" role=\"button\" aria-controls=\"elementor-tab-content-1626\" aria-expanded=\"false\">\n\t\t\t\t\t\t\t\t\t\t\t\t\t<span class=\"elementor-accordion-icon elementor-accordion-icon-left\" aria-hidden=\"true\">\n\t\t\t\t\t\t\t\t\t\t\t\t\t\t\t<span class=\"elementor-accordion-icon-closed\"><i class=\"fas fa-plus\"><\/i><\/span>\n\t\t\t\t\t\t\t\t<span class=\"elementor-accordion-icon-opened\"><i class=\"fas fa-minus\"><\/i><\/span>\n\t\t\t\t\t\t\t\t\t\t\t\t\t\t<\/span>\n\t\t\t\t\t\t\t\t\t\t\t\t<a class=\"elementor-accordion-title\" tabindex=\"0\">\u00bfAceptan planes m\u00e9dicos?<\/a>\n\t\t\t\t\t<\/div>\n\t\t\t\t\t<div id=\"elementor-tab-content-1626\" class=\"elementor-tab-content elementor-clearfix\" data-tab=\"6\" role=\"region\" aria-labelledby=\"elementor-tab-title-1626\"><p>Lamentablemente, en Puerto Rico, ning\u00fan seguro m\u00e9dico cubre la terminaci\u00f3n de embarazo.<\/p><\/div>\n\t\t\t\t<\/div>\n\t\t\t\t\t\t\t<div class=\"elementor-accordion-item\">\n\t\t\t\t\t<div id=\"elementor-tab-title-1627\" class=\"elementor-tab-title\" data-tab=\"7\" role=\"button\" aria-controls=\"elementor-tab-content-1627\" aria-expanded=\"false\">\n\t\t\t\t\t\t\t\t\t\t\t\t\t<span class=\"elementor-accordion-icon elementor-accordion-icon-left\" aria-hidden=\"true\">\n\t\t\t\t\t\t\t\t\t\t\t\t\t\t\t<span class=\"elementor-accordion-icon-closed\"><i class=\"fas fa-plus\"><\/i><\/span>\n\t\t\t\t\t\t\t\t<span class=\"elementor-accordion-icon-opened\"><i class=\"fas fa-minus\"><\/i><\/span>\n\t\t\t\t\t\t\t\t\t\t\t\t\t\t<\/span>\n\t\t\t\t\t\t\t\t\t\t\t\t<a class=\"elementor-accordion-title\" tabindex=\"0\">\u00bfCu\u00e1les m\u00e9todos de pagos aceptan?<\/a>\n\t\t\t\t\t<\/div>\n\t\t\t\t\t<div id=\"elementor-tab-content-1627\" class=\"elementor-tab-content elementor-clearfix\" data-tab=\"7\" role=\"region\" aria-labelledby=\"elementor-tab-title-1627\"><p>Para tu conveniencia aceptamos efectivo y las tarjetas ATH Movil, VISA y MasterCard.<\/p><\/div>\n\t\t\t\t<\/div>\n\t\t\t\t\t\t\t<div class=\"elementor-accordion-item\">\n\t\t\t\t\t<div id=\"elementor-tab-title-1628\" class=\"elementor-tab-title\" data-tab=\"8\" role=\"button\" aria-controls=\"elementor-tab-content-1628\" aria-expanded=\"false\">\n\t\t\t\t\t\t\t\t\t\t\t\t\t<span class=\"elementor-accordion-icon elementor-accordion-icon-left\" aria-hidden=\"true\">\n\t\t\t\t\t\t\t\t\t\t\t\t\t\t\t<span class=\"elementor-accordion-icon-closed\"><i class=\"fas fa-plus\"><\/i><\/span>\n\t\t\t\t\t\t\t\t<span class=\"elementor-accordion-icon-opened\"><i class=\"fas fa-minus\"><\/i><\/span>\n\t\t\t\t\t\t\t\t\t\t\t\t\t\t<\/span>\n\t\t\t\t\t\t\t\t\t\t\t\t<a class=\"elementor-accordion-title\" tabindex=\"0\">\u00bfCu\u00e1nto tiempo dura el proceso?<\/a>\n\t\t\t\t\t<\/div>\n\t\t\t\t\t<div id=\"elementor-tab-content-1628\" class=\"elementor-tab-content elementor-clearfix\" data-tab=\"8\" role=\"region\" aria-labelledby=\"elementor-tab-title-1628\"><p>La terminaci\u00f3n de embarazo en s\u00ed s\u00f3lo toma de 4 a 5 minutos, pero deber\u00e1s venir preparada para estar con nosotros varias horas, tiempo que tendremos para abrirte un expediente m\u00e9dico, hacerte las pruebas de laboratorio, el examen p\u00e9lvico, el sonograma y la terminaci\u00f3n,\u00a0<strong>todo el mismo d\u00eda y completamente confidencial.<\/strong><\/p><p>Podr\u00e1s irte aproximadamente 45 minutos despu\u00e9s del procedimiento y, normalmente, podr\u00e1s ir a trabajar al otro d\u00eda.<\/p><\/div>\n\t\t\t\t<\/div>\n\t\t\t\t\t\t\t<div class=\"elementor-accordion-item\">\n\t\t\t\t\t<div id=\"elementor-tab-title-1629\" class=\"elementor-tab-title\" data-tab=\"9\" role=\"button\" aria-controls=\"elementor-tab-content-1629\" aria-expanded=\"false\">\n\t\t\t\t\t\t\t\t\t\t\t\t\t<span class=\"elementor-accordion-icon elementor-accordion-icon-left\" aria-hidden=\"true\">\n\t\t\t\t\t\t\t\t\t\t\t\t\t\t\t<span class=\"elementor-accordion-icon-closed\"><i class=\"fas fa-plus\"><\/i><\/span>\n\t\t\t\t\t\t\t\t<span class=\"elementor-accordion-icon-opened\"><i class=\"fas fa-minus\"><\/i><\/span>\n\t\t\t\t\t\t\t\t\t\t\t\t\t\t<\/span>\n\t\t\t\t\t\t\t\t\t\t\t\t<a class=\"elementor-accordion-title\" tabindex=\"0\">\u00bfEl proceso es doloroso?<\/a>\n\t\t\t\t\t<\/div>\n\t\t\t\t\t<div id=\"elementor-tab-content-1629\" class=\"elementor-tab-content elementor-clearfix\" data-tab=\"9\" role=\"region\" aria-labelledby=\"elementor-tab-title-1629\"><p>Nuestros m\u00e9dicos, quienes cuentan con m\u00e1s de 50 a\u00f1os de experiencia acumulada, utilizan el m\u00e9todo m\u00e1s r\u00e1pido, seguro, y confiable el cual incluye anestesia local, por lo que el malestar que sentir\u00e1s deber\u00e1 ser\u00e1 parecido a un dolor de menstruaci\u00f3n.<\/p><p>Conoce mas al respecto <a href=\"https:\/\/webexito.com\/wmp\/preguntas-frecuentes\/el-aborto-es-doloroso\/\">aqui<\/a><\/p><\/div>\n\t\t\t\t<\/div>\n\t\t\t\t\t\t\t<div class=\"elementor-accordion-item\">\n\t\t\t\t\t<div id=\"elementor-tab-title-16210\" class=\"elementor-tab-title\" data-tab=\"10\" role=\"button\" aria-controls=\"elementor-tab-content-16210\" aria-expanded=\"false\">\n\t\t\t\t\t\t\t\t\t\t\t\t\t<span class=\"elementor-accordion-icon elementor-accordion-icon-left\" aria-hidden=\"true\">\n\t\t\t\t\t\t\t\t\t\t\t\t\t\t\t<span class=\"elementor-accordion-icon-closed\"><i class=\"fas fa-plus\"><\/i><\/span>\n\t\t\t\t\t\t\t\t<span class=\"elementor-accordion-icon-opened\"><i class=\"fas fa-minus\"><\/i><\/span>\n\t\t\t\t\t\t\t\t\t\t\t\t\t\t<\/span>\n\t\t\t\t\t\t\t\t\t\t\t\t<a class=\"elementor-accordion-title\" tabindex=\"0\">\u00bfTienen mucha experiencia en la teminaci\u00f3n de embarazos?<\/a>\n\t\t\t\t\t<\/div>\n\t\t\t\t\t<div id=\"elementor-tab-content-16210\" class=\"elementor-tab-content elementor-clearfix\" data-tab=\"10\" role=\"region\" aria-labelledby=\"elementor-tab-title-16210\"><p>Women\u2019s Medical Pavilion ha estado operando desde el 1980, atendiendo a miles de pacientes como t\u00fa. Seguramente tienes alguna amiga que nos ha visitado y podr\u00e1 recomendarnos.<\/p><p>Somos la \u00fanica cl\u00ednica en Puerto Rico que cuenta con los servicios de m\u00e9dico internista, m\u00e9dico generalista y un personal de enfermer\u00eda altamente calificado, comprometidos con tu integridad f\u00edsica y emocional.<\/p><\/div>\n\t\t\t\t<\/div>\n\t\t\t\t\t\t\t<div class=\"elementor-accordion-item\">\n\t\t\t\t\t<div id=\"elementor-tab-title-16211\" class=\"elementor-tab-title\" data-tab=\"11\" role=\"button\" aria-controls=\"elementor-tab-content-16211\" aria-expanded=\"false\">\n\t\t\t\t\t\t\t\t\t\t\t\t\t<span class=\"elementor-accordion-icon elementor-accordion-icon-left\" aria-hidden=\"true\">\n\t\t\t\t\t\t\t\t\t\t\t\t\t\t\t<span class=\"elementor-accordion-icon-closed\"><i class=\"fas fa-plus\"><\/i><\/span>\n\t\t\t\t\t\t\t\t<span class=\"elementor-accordion-icon-opened\"><i class=\"fas fa-minus\"><\/i><\/span>\n\t\t\t\t\t\t\t\t\t\t\t\t\t\t<\/span>\n\t\t\t\t\t\t\t\t\t\t\t\t<a class=\"elementor-accordion-title\" tabindex=\"0\">\u00bfC\u00f3mo debo ir preparada para mi cita?<\/a>\n\t\t\t\t\t<\/div>\n\t\t\t\t\t<div id=\"elementor-tab-content-16211\" class=\"elementor-tab-content elementor-clearfix\" data-tab=\"11\" role=\"region\" aria-labelledby=\"elementor-tab-title-16211\"><p>No deber\u00e1s comer nada desde 2 horas antes de tu cita. Por ejemplo: si tu cita es a las 8:00 am no deber\u00e1s comer nada despu\u00e9s de las 6:00 am; si tu cita es a la 1:00 pm no deber\u00e1s comer nada despu\u00e9s de las 11:00 am.<\/p><p>\u00a0Estar\u00e1s m\u00e1s c\u00f3moda si vienes en falda o traje.<\/p><\/div>\n\t\t\t\t<\/div>\n\t\t\t\t\t\t\t<div class=\"elementor-accordion-item\">\n\t\t\t\t\t<div id=\"elementor-tab-title-16212\" class=\"elementor-tab-title\" data-tab=\"12\" role=\"button\" aria-controls=\"elementor-tab-content-16212\" aria-expanded=\"false\">\n\t\t\t\t\t\t\t\t\t\t\t\t\t<span class=\"elementor-accordion-icon elementor-accordion-icon-left\" aria-hidden=\"true\">\n\t\t\t\t\t\t\t\t\t\t\t\t\t\t\t<span class=\"elementor-accordion-icon-closed\"><i class=\"fas fa-plus\"><\/i><\/span>\n\t\t\t\t\t\t\t\t<span class=\"elementor-accordion-icon-opened\"><i class=\"fas fa-minus\"><\/i><\/span>\n\t\t\t\t\t\t\t\t\t\t\t\t\t\t<\/span>\n\t\t\t\t\t\t\t\t\t\t\t\t<a class=\"elementor-accordion-title\" tabindex=\"0\">\u00bfPuedo ir acompa\u00f1ada?<\/a>\n\t\t\t\t\t<\/div>\n\t\t\t\t\t<div id=\"elementor-tab-content-16212\" class=\"elementor-tab-content elementor-clearfix\" data-tab=\"12\" role=\"region\" aria-labelledby=\"elementor-tab-title-16212\"><p>Si quieres, puedes venir acompa\u00f1ada, pero\u00a0<strong>no<\/strong>\u00a0es necesario.<\/p><\/div>\n\t\t\t\t<\/div>\n\t\t\t\t\t\t\t<div class=\"elementor-accordion-item\">\n\t\t\t\t\t<div id=\"elementor-tab-title-16213\" class=\"elementor-tab-title\" data-tab=\"13\" role=\"button\" aria-controls=\"elementor-tab-content-16213\" aria-expanded=\"false\">\n\t\t\t\t\t\t\t\t\t\t\t\t\t<span class=\"elementor-accordion-icon elementor-accordion-icon-left\" aria-hidden=\"true\">\n\t\t\t\t\t\t\t\t\t\t\t\t\t\t\t<span class=\"elementor-accordion-icon-closed\"><i class=\"fas fa-plus\"><\/i><\/span>\n\t\t\t\t\t\t\t\t<span class=\"elementor-accordion-icon-opened\"><i class=\"fas fa-minus\"><\/i><\/span>\n\t\t\t\t\t\t\t\t\t\t\t\t\t\t<\/span>\n\t\t\t\t\t\t\t\t\t\t\t\t<a class=\"elementor-accordion-title\" tabindex=\"0\">\u00bfCu\u00e1l procedimiento utilizan para terminar el embarazo??<\/a>\n\t\t\t\t\t<\/div>\n\t\t\t\t\t<div id=\"elementor-tab-content-16213\" class=\"elementor-tab-content elementor-clearfix\" data-tab=\"13\" role=\"region\" aria-labelledby=\"elementor-tab-title-16213\">Women&#8217;s Medical Pavilion  utiliza el m\u00e9todo de aspiraci\u00f3n. El aborto por aspiraci\u00f3n es el m\u00e9todo recomendado por la Organizaci\u00f3n Mundial de la Salud como la t\u00e9cnica m\u00e1s segura hasta las 12 a 15 semanas de gestaci\u00f3n, con una efectividad cercana al 100%.<\/div>\n\t\t\t\t<\/div>\n\t\t\t\t\t\t\t\t<\/div>\n\t\t\t\t\t\t<\/div>\n\t\t\t\t<\/div>\n\t\t\t\t\t<\/div>\n\t\t<\/div>\n\t\t\t\t<div class=\"elementor-column elementor-col-50 elementor-top-column elementor-element elementor-element-bb8c36a\" data-id=\"bb8c36a\" data-element_type=\"column\">\n\t\t\t<div class=\"elementor-widget-wrap elementor-element-populated\">\n\t\t\t\t\t\t<div class=\"elementor-element elementor-element-c4131a9 elementor-widget elementor-widget-image\" data-id=\"c4131a9\" data-element_type=\"widget\" data-settings=\"{&quot;sticky&quot;:&quot;top&quot;,&quot;sticky_parent&quot;:&quot;yes&quot;,&quot;sticky_on&quot;:[&quot;desktop&quot;,&quot;tablet&quot;,&quot;mobile&quot;],&quot;sticky_offset&quot;:0,&quot;sticky_effects_offset&quot;:0,&quot;sticky_anchor_link_offset&quot;:0}\" data-widget_type=\"image.default\">\n\t\t\t\t<div class=\"elementor-widget-container\">\n\t\t\t\t\t\t\t\t\t\t\t\t\t\t\t<img fetchpriority=\"high\" decoding=\"async\" width=\"637\" height=\"1024\" src=\"https:\/\/webexito.com\/wmp\/wp-content\/uploads\/2023\/02\/preguntas-frecuentes-sobre-el-aborto-en-puerto-rico-scaled-e1677533601176-637x1024.jpg\" class=\"attachment-large size-large wp-image-4683\" alt=\"En Puerto Rico el aborto es legal. Respuestas a Preguntas Frecuentes.\" srcset=\"https:\/\/webexito.com\/wmp\/wp-content\/uploads\/2023\/02\/preguntas-frecuentes-sobre-el-aborto-en-puerto-rico-scaled-e1677533601176-637x1024.jpg 637w, https:\/\/webexito.com\/wmp\/wp-content\/uploads\/2023\/02\/preguntas-frecuentes-sobre-el-aborto-en-puerto-rico-scaled-e1677533601176-187x300.jpg 187w, https:\/\/webexito.com\/wmp\/wp-content\/uploads\/2023\/02\/preguntas-frecuentes-sobre-el-aborto-en-puerto-rico-scaled-e1677533601176-768x1234.jpg 768w, https:\/\/webexito.com\/wmp\/wp-content\/uploads\/2023\/02\/preguntas-frecuentes-sobre-el-aborto-en-puerto-rico-scaled-e1677533601176-956x1536.jpg 956w, https:\/\/webexito.com\/wmp\/wp-content\/uploads\/2023\/02\/preguntas-frecuentes-sobre-el-aborto-en-puerto-rico-scaled-e1677533601176.jpg 1062w\" sizes=\"(max-width: 637px) 100vw, 637px\" \/>\t\t\t\t\t\t\t\t\t\t\t\t\t\t\t<\/div>\n\t\t\t\t<\/div>\n\t\t\t\t\t<\/div>\n\t\t<\/div>\n\t\t\t\t\t<\/div>\n\t\t<\/section>\n\t\t\t\t<\/div>\n\t\t","protected":false},"excerpt":{"rendered":"<p>\u00bfEl aborto es legal en Puerto Rico? En Puerto Rico el aborto es legal. El aborto quir\u00fargico ha sido estudiado por m\u00e1s de 35 a\u00f1os y se ha demostrado que es m\u00e1s de 99% efectivo. Conoce mas al respecto aqui \u00bfEl aborto es seguro y confiable? Cuando el aborto se realiza en el primer trimestre [&hellip;]<\/p>\n","protected":false},"author":4,"featured_media":4683,"parent":0,"menu_order":0,"comment_status":"closed","ping_status":"open","template":"","meta":{"footnotes":""},"class_list":["post-2114","page","type-page","status-publish","has-post-thumbnail","hentry"],"blocksy_meta":{"styles_descriptor":{"styles":{"desktop":"","tablet":"","mobile":""},"google_fonts":[],"version":6}},"_links":{"self":[{"href":"https:\/\/webexito.com\/wmp\/wp-json\/wp\/v2\/pages\/2114","targetHints":{"allow":["GET"]}}],"collection":[{"href":"https:\/\/webexito.com\/wmp\/wp-json\/wp\/v2\/pages"}],"about":[{"href":"https:\/\/webexito.com\/wmp\/wp-json\/wp\/v2\/types\/page"}],"author":[{"embeddable":true,"href":"https:\/\/webexito.com\/wmp\/wp-json\/wp\/v2\/users\/4"}],"replies":[{"embeddable":true,"href":"https:\/\/webexito.com\/wmp\/wp-json\/wp\/v2\/comments?post=2114"}],"version-history":[{"count":82,"href":"https:\/\/webexito.com\/wmp\/wp-json\/wp\/v2\/pages\/2114\/revisions"}],"predecessor-version":[{"id":5442,"href":"https:\/\/webexito.com\/wmp\/wp-json\/wp\/v2\/pages\/2114\/revisions\/5442"}],"wp:featuredmedia":[{"embeddable":true,"href":"https:\/\/webexito.com\/wmp\/wp-json\/wp\/v2\/media\/4683"}],"wp:attachment":[{"href":"https:\/\/webexito.com\/wmp\/wp-json\/wp\/v2\/media?parent=2114"}],"curies":[{"name":"wp","href":"https:\/\/api.w.org\/{rel}","templated":true}]}}