{"id":3074,"date":"2019-08-09T12:21:53","date_gmt":"2019-08-09T16:21:53","guid":{"rendered":"https:\/\/abortopr.com\/?page_id=3074"},"modified":"2023-04-12T09:09:52","modified_gmt":"2023-04-12T13:09:52","slug":"sobre-nosotros","status":"publish","type":"page","link":"https:\/\/webexito.com\/wmp\/sobre-nosotros\/","title":{"rendered":"Sobre Women&#8217;s Medical Pavilion"},"content":{"rendered":"\t\t<div data-elementor-type=\"wp-page\" data-elementor-id=\"3074\" class=\"elementor elementor-3074\" data-elementor-post-type=\"page\">\n\t\t\t\t\t\t<section class=\"elementor-section elementor-top-section elementor-element elementor-element-7b59ff6b elementor-section-boxed elementor-section-height-default elementor-section-height-default\" data-id=\"7b59ff6b\" data-element_type=\"section\">\n\t\t\t\t\t\t<div class=\"elementor-container elementor-column-gap-default\">\n\t\t\t\t\t<div class=\"elementor-column elementor-col-50 elementor-top-column elementor-element elementor-element-78c83f74\" data-id=\"78c83f74\" data-element_type=\"column\">\n\t\t\t<div class=\"elementor-widget-wrap elementor-element-populated\">\n\t\t\t\t\t\t<div class=\"elementor-element elementor-element-3a26537f elementor-widget elementor-widget-text-editor\" data-id=\"3a26537f\" data-element_type=\"widget\" data-widget_type=\"text-editor.default\">\n\t\t\t\t<div class=\"elementor-widget-container\">\n\t\t\t\t\t\t\t\t\t<p><b>Somos Women\u2019s Medical Pavilion, una cl\u00ednica especializada en aborto<\/b>, ubicada en Carolina. Nuestros m\u00e9dicos especialistas cuentan <b>con m\u00e1s de 50 a\u00f1os de experiencia acumulada, proveyendo servicios de aborto seguro y legal en Puerto Rico.<\/b> Estamos comprometidos a ofrecerle un servicio de calidad a todos nuestros pacientes. Todos los procedimientos en Women&#8217;s Medical Pavilion son realizados por m\u00e9dicos licenciados y especializados en el aborto. Nuestro prop\u00f3sito es proveerte una terminaci\u00f3n de embarazo seguro, de manera confidencial en un ambiente saludable y acogedor. <b>Si est\u00e1s pensando en terminar tu embarazo, en Women&#8217;s Medical Pavilion podemos ayudarte.<\/b><\/p><ul><li>Atendemos por orden de llegada.<\/li><li>Reembolsamos gastos de transportaci\u00f3n p\u00fablica.<\/li><li>Aceptamos\u00a0tu pago con\u00a0ATH M\u00f3vil, VISA, ATH, Master Card o efectivo.<\/li><li>Nuestro\u00a0personal\u00a0estar\u00e1 disponible 24 horas al d\u00eda para contestar cualquier pregunta luego de tu procedimiento.<\/li><\/ul><div><p>Nuestro equipo m\u00e9dico est\u00e1 compuesto por m\u00e9dicos altamente capacitados y personal de apoyo dedicado, que se enorgullece de brindar atenci\u00f3n de calidad a nuestros pacientes. Nos aseguramos de que cada paciente sea tratado con respeto, dignidad y privacidad durante todo el proceso.<\/p><p>En Women&#8217;s Medical Pavilion, ofrecemos servicios de aborto en el primer y segundo trimestre del embarazo. Nuestros m\u00e9dicos est\u00e1n altamente capacitados y utilizan los \u00faltimos avances tecnol\u00f3gicos para proporcionar procedimientos de aborto seguros y efectivos. El aborto en el primer trimestre es un procedimiento simple y r\u00e1pido que generalmente se completa en unos minutos. El aborto en el segundo trimestre es m\u00e1s complejo y requiere m\u00e1s tiempo y cuidado. Nuestros m\u00e9dicos tienen experiencia en proporcionar ambos procedimientos y est\u00e1n comprometidos con la seguridad y el bienestar de nuestros pacientes.<\/p><p>\u00a0Adem\u00e1s de nuestros servicios de aborto, tambi\u00e9n ofrecemos otros servicios de planificaci\u00f3n familiar. \u00a0Nuestros m\u00e9dicos est\u00e1n disponibles para discutir opciones anticonceptivas y brindar asesoramiento y educaci\u00f3n sobre salud sexual.<\/p><p>En Women&#8217;s Medical Pavilion, nos comprometemos a brindar atenci\u00f3n compasiva y de calidad a nuestros pacientes en un ambiente seguro y c\u00f3modo. Nos enorgullecemos de ser una de las pocas cl\u00ednicas de aborto en Puerto Rico que ofrece servicios de aborto legal y seguro. Nuestro objetivo es ayudar a las mujeres a tomar decisiones informadas sobre su salud y su futuro.<\/p><p>Si tienes alguna duda o deseas programar una cita comun\u00edcate con nosotros pulsando el bot\u00f3n.<\/p><\/div>\t\t\t\t\t\t\t\t<\/div>\n\t\t\t\t<\/div>\n\t\t\t\t<div class=\"elementor-element elementor-element-6df1e97 elementor-align-center elementor-widget elementor-widget-button\" data-id=\"6df1e97\" data-element_type=\"widget\" data-widget_type=\"button.default\">\n\t\t\t\t<div class=\"elementor-widget-container\">\n\t\t\t\t\t\t\t\t\t<div class=\"elementor-button-wrapper\">\n\t\t\t\t\t<a class=\"elementor-button elementor-button-link elementor-size-sm\" href=\"tel:787-752-7500\">\n\t\t\t\t\t\t<span class=\"elementor-button-content-wrapper\">\n\t\t\t\t\t\t\t\t\t<span class=\"elementor-button-text\">Ll\u00e1manos<\/span>\n\t\t\t\t\t<\/span>\n\t\t\t\t\t<\/a>\n\t\t\t\t<\/div>\n\t\t\t\t\t\t\t\t<\/div>\n\t\t\t\t<\/div>\n\t\t\t\t\t<\/div>\n\t\t<\/div>\n\t\t\t\t<div class=\"elementor-column elementor-col-50 elementor-top-column elementor-element elementor-element-9525388\" data-id=\"9525388\" data-element_type=\"column\">\n\t\t\t<div class=\"elementor-widget-wrap elementor-element-populated\">\n\t\t\t\t\t\t<div class=\"elementor-element elementor-element-0647b03 elementor-widget elementor-widget-image\" data-id=\"0647b03\" data-element_type=\"widget\" data-settings=\"{&quot;sticky&quot;:&quot;top&quot;,&quot;sticky_parent&quot;:&quot;yes&quot;,&quot;sticky_on&quot;:[&quot;desktop&quot;,&quot;tablet&quot;,&quot;mobile&quot;],&quot;sticky_offset&quot;:0,&quot;sticky_effects_offset&quot;:0,&quot;sticky_anchor_link_offset&quot;:0}\" data-widget_type=\"image.default\">\n\t\t\t\t<div class=\"elementor-widget-container\">\n\t\t\t\t\t\t\t\t\t\t\t\t\t\t\t<img fetchpriority=\"high\" decoding=\"async\" width=\"697\" height=\"809\" src=\"https:\/\/webexito.com\/wmp\/wp-content\/uploads\/2023\/02\/womens-medical-pavilion.png\" class=\"attachment-large size-large wp-image-4655\" alt=\"Cl\u00ednica especializada en aborto - Women&#039;s Medical Pavilion\" srcset=\"https:\/\/webexito.com\/wmp\/wp-content\/uploads\/2023\/02\/womens-medical-pavilion.png 697w, https:\/\/webexito.com\/wmp\/wp-content\/uploads\/2023\/02\/womens-medical-pavilion-258x300.png 258w\" sizes=\"(max-width: 697px) 100vw, 697px\" \/>\t\t\t\t\t\t\t\t\t\t\t\t\t\t\t<\/div>\n\t\t\t\t<\/div>\n\t\t\t\t\t<\/div>\n\t\t<\/div>\n\t\t\t\t\t<\/div>\n\t\t<\/section>\n\t\t\t\t<\/div>\n\t\t","protected":false},"excerpt":{"rendered":"<p>Somos Women\u2019s Medical Pavilion, una cl\u00ednica especializada en aborto, ubicada en Carolina. Nuestros m\u00e9dicos especialistas cuentan con m\u00e1s de 50 a\u00f1os de experiencia acumulada, proveyendo servicios de aborto seguro y legal en Puerto Rico. Estamos comprometidos a ofrecerle un servicio de calidad a todos nuestros pacientes. Todos los procedimientos en Women&#8217;s Medical Pavilion son realizados [&hellip;]<\/p>\n","protected":false},"author":8,"featured_media":4655,"parent":0,"menu_order":0,"comment_status":"closed","ping_status":"closed","template":"","meta":{"footnotes":""},"class_list":["post-3074","page","type-page","status-publish","has-post-thumbnail","hentry"],"blocksy_meta":{"styles_descriptor":{"styles":{"desktop":"","tablet":"","mobile":""},"google_fonts":[],"version":6}},"_links":{"self":[{"href":"https:\/\/webexito.com\/wmp\/wp-json\/wp\/v2\/pages\/3074","targetHints":{"allow":["GET"]}}],"collection":[{"href":"https:\/\/webexito.com\/wmp\/wp-json\/wp\/v2\/pages"}],"about":[{"href":"https:\/\/webexito.com\/wmp\/wp-json\/wp\/v2\/types\/page"}],"author":[{"embeddable":true,"href":"https:\/\/webexito.com\/wmp\/wp-json\/wp\/v2\/users\/8"}],"replies":[{"embeddable":true,"href":"https:\/\/webexito.com\/wmp\/wp-json\/wp\/v2\/comments?post=3074"}],"version-history":[{"count":35,"href":"https:\/\/webexito.com\/wmp\/wp-json\/wp\/v2\/pages\/3074\/revisions"}],"predecessor-version":[{"id":5022,"href":"https:\/\/webexito.com\/wmp\/wp-json\/wp\/v2\/pages\/3074\/revisions\/5022"}],"wp:featuredmedia":[{"embeddable":true,"href":"https:\/\/webexito.com\/wmp\/wp-json\/wp\/v2\/media\/4655"}],"wp:attachment":[{"href":"https:\/\/webexito.com\/wmp\/wp-json\/wp\/v2\/media?parent=3074"}],"curies":[{"name":"wp","href":"https:\/\/api.w.org\/{rel}","templated":true}]}}