{"id":3108,"date":"2021-05-11T15:04:35","date_gmt":"2021-05-11T19:04:35","guid":{"rendered":"https:\/\/abortopr.com\/?page_id=3108"},"modified":"2023-04-08T12:59:40","modified_gmt":"2023-04-08T16:59:40","slug":"inicio","status":"publish","type":"page","link":"https:\/\/webexito.com\/wmp\/","title":{"rendered":"Inicio"},"content":{"rendered":"\t\t<div data-elementor-type=\"wp-page\" data-elementor-id=\"3108\" class=\"elementor elementor-3108\" data-elementor-post-type=\"page\">\n\t\t\t\t\t\t<section class=\"elementor-section elementor-top-section elementor-element elementor-element-93dcc87 ct-section-stretched elementor-section-content-middle elementor-section-boxed elementor-section-height-default elementor-section-height-default\" data-id=\"93dcc87\" data-element_type=\"section\" data-settings=\"{&quot;background_background&quot;:&quot;classic&quot;}\">\n\t\t\t\t\t\t<div class=\"elementor-container elementor-column-gap-default\">\n\t\t\t\t\t<div class=\"elementor-column elementor-col-50 elementor-top-column elementor-element elementor-element-11c1399\" data-id=\"11c1399\" data-element_type=\"column\">\n\t\t\t<div class=\"elementor-widget-wrap elementor-element-populated\">\n\t\t\t\t\t\t<div class=\"elementor-element elementor-element-7db9c3c elementor-widget elementor-widget-heading\" data-id=\"7db9c3c\" data-element_type=\"widget\" data-widget_type=\"heading.default\">\n\t\t\t\t<div class=\"elementor-widget-container\">\n\t\t\t\t\t<h1 class=\"elementor-heading-title elementor-size-medium\">Cl\u00ednica de aborto en Puerto Rico<\/h1>\t\t\t\t<\/div>\n\t\t\t\t<\/div>\n\t\t\t\t<div class=\"elementor-element elementor-element-4fdc0a9 elementor-widget elementor-widget-heading\" data-id=\"4fdc0a9\" data-element_type=\"widget\" data-widget_type=\"heading.default\">\n\t\t\t\t<div class=\"elementor-widget-container\">\n\t\t\t\t\t<h2 class=\"elementor-heading-title elementor-size-default\">Cl\u00ednica de abortos en la que puedes confiar.<\/h2>\t\t\t\t<\/div>\n\t\t\t\t<\/div>\n\t\t\t\t<div class=\"elementor-element elementor-element-0f6a5c6 elementor-widget elementor-widget-text-editor\" data-id=\"0f6a5c6\" data-element_type=\"widget\" data-widget_type=\"text-editor.default\">\n\t\t\t\t<div class=\"elementor-widget-container\">\n\t\t\t\t\t\t\t\t\t<p>Si has decido terminar tu embarazo para preservar tu salud f\u00edsica o mental, nosotros podemos ayudarte.<\/p>\t\t\t\t\t\t\t\t<\/div>\n\t\t\t\t<\/div>\n\t\t\t\t<div class=\"elementor-element elementor-element-230cac4 elementor-widget elementor-widget-heading\" data-id=\"230cac4\" data-element_type=\"widget\" data-widget_type=\"heading.default\">\n\t\t\t\t<div class=\"elementor-widget-container\">\n\t\t\t\t\t<h3 class=\"elementor-heading-title elementor-size-default\">Women's Medical Pavilion<\/h3>\t\t\t\t<\/div>\n\t\t\t\t<\/div>\n\t\t\t\t<div class=\"elementor-element elementor-element-e7a7e5e elementor-widget elementor-widget-button\" data-id=\"e7a7e5e\" data-element_type=\"widget\" data-widget_type=\"button.default\">\n\t\t\t\t<div class=\"elementor-widget-container\">\n\t\t\t\t\t\t\t\t\t<div class=\"elementor-button-wrapper\">\n\t\t\t\t\t<a class=\"elementor-button elementor-button-link elementor-size-sm\" href=\"https:\/\/webexito.com\/wmp\/contactanos\/\">\n\t\t\t\t\t\t<span class=\"elementor-button-content-wrapper\">\n\t\t\t\t\t\t\t\t\t<span class=\"elementor-button-text\">Solicita Orientaci\u00f3n<\/span>\n\t\t\t\t\t<\/span>\n\t\t\t\t\t<\/a>\n\t\t\t\t<\/div>\n\t\t\t\t\t\t\t\t<\/div>\n\t\t\t\t<\/div>\n\t\t\t\t\t<\/div>\n\t\t<\/div>\n\t\t\t\t<div class=\"elementor-column elementor-col-50 elementor-top-column elementor-element elementor-element-40f19f8\" data-id=\"40f19f8\" data-element_type=\"column\">\n\t\t\t<div class=\"elementor-widget-wrap elementor-element-populated\">\n\t\t\t\t\t\t<div class=\"elementor-element elementor-element-ad0e9bf elementor-widget elementor-widget-image\" data-id=\"ad0e9bf\" data-element_type=\"widget\" data-widget_type=\"image.default\">\n\t\t\t\t<div class=\"elementor-widget-container\">\n\t\t\t\t\t\t\t\t\t\t\t\t\t\t\t<img fetchpriority=\"high\" decoding=\"async\" width=\"1080\" height=\"1342\" src=\"https:\/\/webexito.com\/wmp\/wp-content\/uploads\/2021\/05\/Worried_Woman_Holding_Pregnancy_Test.jpg\" class=\"attachment-full size-full wp-image-3153\" alt=\"Mujer preocupada con una prueba de embarazo en sus manos\" srcset=\"https:\/\/webexito.com\/wmp\/wp-content\/uploads\/2021\/05\/Worried_Woman_Holding_Pregnancy_Test.jpg 1080w, https:\/\/webexito.com\/wmp\/wp-content\/uploads\/2021\/05\/Worried_Woman_Holding_Pregnancy_Test-241x300.jpg 241w, https:\/\/webexito.com\/wmp\/wp-content\/uploads\/2021\/05\/Worried_Woman_Holding_Pregnancy_Test-824x1024.jpg 824w, https:\/\/webexito.com\/wmp\/wp-content\/uploads\/2021\/05\/Worried_Woman_Holding_Pregnancy_Test-768x954.jpg 768w\" sizes=\"(max-width: 1080px) 100vw, 1080px\" \/>\t\t\t\t\t\t\t\t\t\t\t\t\t\t\t<\/div>\n\t\t\t\t<\/div>\n\t\t\t\t\t<\/div>\n\t\t<\/div>\n\t\t\t\t\t<\/div>\n\t\t<\/section>\n\t\t\t\t<section class=\"elementor-section elementor-top-section elementor-element elementor-element-784db11 ct-section-stretched elementor-section-boxed elementor-section-height-default elementor-section-height-default\" data-id=\"784db11\" data-element_type=\"section\" data-settings=\"{&quot;background_background&quot;:&quot;classic&quot;}\">\n\t\t\t\t\t\t<div class=\"elementor-container elementor-column-gap-default\">\n\t\t\t\t\t<div class=\"elementor-column elementor-col-100 elementor-top-column elementor-element elementor-element-d051474\" data-id=\"d051474\" data-element_type=\"column\">\n\t\t\t<div class=\"elementor-widget-wrap elementor-element-populated\">\n\t\t\t\t\t\t<section class=\"elementor-section elementor-inner-section elementor-element elementor-element-bef9bc2 elementor-section-boxed elementor-section-height-default elementor-section-height-default\" data-id=\"bef9bc2\" data-element_type=\"section\">\n\t\t\t\t\t\t<div class=\"elementor-container elementor-column-gap-default\">\n\t\t\t\t\t<div class=\"elementor-column elementor-col-33 elementor-inner-column elementor-element elementor-element-be18e5a\" data-id=\"be18e5a\" data-element_type=\"column\">\n\t\t\t<div class=\"elementor-widget-wrap elementor-element-populated\">\n\t\t\t\t\t\t<div class=\"elementor-element elementor-element-f106ea3 elementor-widget elementor-widget-heading\" data-id=\"f106ea3\" data-element_type=\"widget\" data-widget_type=\"heading.default\">\n\t\t\t\t<div class=\"elementor-widget-container\">\n\t\t\t\t\t<h4 class=\"elementor-heading-title elementor-size-xl\">Seguridad<\/h4>\t\t\t\t<\/div>\n\t\t\t\t<\/div>\n\t\t\t\t<div class=\"elementor-element elementor-element-d7e9869 elementor-widget elementor-widget-text-editor\" data-id=\"d7e9869\" data-element_type=\"widget\" data-widget_type=\"text-editor.default\">\n\t\t\t\t<div class=\"elementor-widget-container\">\n\t\t\t\t\t\t\t\t\tEl proceso de terminaci\u00f3n de embarazo es seguro. Nuestra cl\u00ednica cuenta con un ambiente limpio y profesional evitando todo tipo de riesgos.\t\t\t\t\t\t\t\t<\/div>\n\t\t\t\t<\/div>\n\t\t\t\t\t<\/div>\n\t\t<\/div>\n\t\t\t\t<div class=\"elementor-column elementor-col-33 elementor-inner-column elementor-element elementor-element-9551f0a\" data-id=\"9551f0a\" data-element_type=\"column\">\n\t\t\t<div class=\"elementor-widget-wrap elementor-element-populated\">\n\t\t\t\t\t\t<div class=\"elementor-element elementor-element-e12592c elementor-widget elementor-widget-heading\" data-id=\"e12592c\" data-element_type=\"widget\" data-widget_type=\"heading.default\">\n\t\t\t\t<div class=\"elementor-widget-container\">\n\t\t\t\t\t<h4 class=\"elementor-heading-title elementor-size-xl\">Experiencia<\/h4>\t\t\t\t<\/div>\n\t\t\t\t<\/div>\n\t\t\t\t<div class=\"elementor-element elementor-element-028644e elementor-widget elementor-widget-text-editor\" data-id=\"028644e\" data-element_type=\"widget\" data-widget_type=\"text-editor.default\">\n\t\t\t\t<div class=\"elementor-widget-container\">\n\t\t\t\t\t\t\t\t\tNuestros m\u00e9dicos cuentan con m\u00e1s de 50 a\u00f1os de experiencia acumulada y son profesionales en el aborto.\t\t\t\t\t\t\t\t<\/div>\n\t\t\t\t<\/div>\n\t\t\t\t\t<\/div>\n\t\t<\/div>\n\t\t\t\t<div class=\"elementor-column elementor-col-33 elementor-inner-column elementor-element elementor-element-139f299\" data-id=\"139f299\" data-element_type=\"column\">\n\t\t\t<div class=\"elementor-widget-wrap elementor-element-populated\">\n\t\t\t\t\t\t<div class=\"elementor-element elementor-element-ef9e464 elementor-widget elementor-widget-heading\" data-id=\"ef9e464\" data-element_type=\"widget\" data-widget_type=\"heading.default\">\n\t\t\t\t<div class=\"elementor-widget-container\">\n\t\t\t\t\t<h4 class=\"elementor-heading-title elementor-size-xl\">Confidencialidad<\/h4>\t\t\t\t<\/div>\n\t\t\t\t<\/div>\n\t\t\t\t<div class=\"elementor-element elementor-element-4970eb6 elementor-widget elementor-widget-text-editor\" data-id=\"4970eb6\" data-element_type=\"widget\" data-widget_type=\"text-editor.default\">\n\t\t\t\t<div class=\"elementor-widget-container\">\n\t\t\t\t\t\t\t\t\tTu informaci\u00f3n y procedimiento es completamente confidencial. Nuestro equipo experto te ofrecer\u00e1 un servicio personalizado.\t\t\t\t\t\t\t\t<\/div>\n\t\t\t\t<\/div>\n\t\t\t\t\t<\/div>\n\t\t<\/div>\n\t\t\t\t\t<\/div>\n\t\t<\/section>\n\t\t\t\t<section class=\"elementor-section elementor-inner-section elementor-element elementor-element-bef00e5 elementor-section-boxed elementor-section-height-default elementor-section-height-default\" data-id=\"bef00e5\" data-element_type=\"section\">\n\t\t\t\t\t\t<div class=\"elementor-container elementor-column-gap-default\">\n\t\t\t\t\t<div class=\"elementor-column elementor-col-33 elementor-inner-column elementor-element elementor-element-302ea60\" data-id=\"302ea60\" data-element_type=\"column\">\n\t\t\t<div class=\"elementor-widget-wrap elementor-element-populated\">\n\t\t\t\t\t\t<div class=\"elementor-element elementor-element-40d0ef9 elementor-widget elementor-widget-heading\" data-id=\"40d0ef9\" data-element_type=\"widget\" data-widget_type=\"heading.default\">\n\t\t\t\t<div class=\"elementor-widget-container\">\n\t\t\t\t\t<h4 class=\"elementor-heading-title elementor-size-xl\">Compromiso<\/h4>\t\t\t\t<\/div>\n\t\t\t\t<\/div>\n\t\t\t\t<div class=\"elementor-element elementor-element-5bd7da5 elementor-widget elementor-widget-text-editor\" data-id=\"5bd7da5\" data-element_type=\"widget\" data-widget_type=\"text-editor.default\">\n\t\t\t\t<div class=\"elementor-widget-container\">\n\t\t\t\t\t\t\t\t\tEstamos comprometidos en ofrecerte un servicio de calidad. Prestamos mucha atenci\u00f3n a tus necesidades m\u00e9dicas y emocionales.\t\t\t\t\t\t\t\t<\/div>\n\t\t\t\t<\/div>\n\t\t\t\t\t<\/div>\n\t\t<\/div>\n\t\t\t\t<div class=\"elementor-column elementor-col-33 elementor-inner-column elementor-element elementor-element-f4b9bfd\" data-id=\"f4b9bfd\" data-element_type=\"column\">\n\t\t\t<div class=\"elementor-widget-wrap elementor-element-populated\">\n\t\t\t\t\t\t<div class=\"elementor-element elementor-element-2743691 elementor-widget elementor-widget-heading\" data-id=\"2743691\" data-element_type=\"widget\" data-widget_type=\"heading.default\">\n\t\t\t\t<div class=\"elementor-widget-container\">\n\t\t\t\t\t<h4 class=\"elementor-heading-title elementor-size-xl\">Legal<\/h4>\t\t\t\t<\/div>\n\t\t\t\t<\/div>\n\t\t\t\t<div class=\"elementor-element elementor-element-e3b8806 elementor-widget elementor-widget-text-editor\" data-id=\"e3b8806\" data-element_type=\"widget\" data-widget_type=\"text-editor.default\">\n\t\t\t\t<div class=\"elementor-widget-container\">\n\t\t\t\t\t\t\t\t\tEl aborto en Puerto Rico es legal. Toda terminaci\u00f3n de embarazo en la cl\u00ednica es segura y se realiza responsablemente.\t\t\t\t\t\t\t\t<\/div>\n\t\t\t\t<\/div>\n\t\t\t\t\t<\/div>\n\t\t<\/div>\n\t\t\t\t<div class=\"elementor-column elementor-col-33 elementor-inner-column elementor-element elementor-element-c290b20\" data-id=\"c290b20\" data-element_type=\"column\">\n\t\t\t<div class=\"elementor-widget-wrap elementor-element-populated\">\n\t\t\t\t\t\t<div class=\"elementor-element elementor-element-f18ea0c elementor-widget elementor-widget-heading\" data-id=\"f18ea0c\" data-element_type=\"widget\" data-widget_type=\"heading.default\">\n\t\t\t\t<div class=\"elementor-widget-container\">\n\t\t\t\t\t<h4 class=\"elementor-heading-title elementor-size-xl\">Confiable<\/h4>\t\t\t\t<\/div>\n\t\t\t\t<\/div>\n\t\t\t\t<div class=\"elementor-element elementor-element-2b49f42 elementor-widget elementor-widget-text-editor\" data-id=\"2b49f42\" data-element_type=\"widget\" data-widget_type=\"text-editor.default\">\n\t\t\t\t<div class=\"elementor-widget-container\">\n\t\t\t\t\t\t\t\t\tHemos ganado la confianza de ginec\u00f3logos alrededor de la isla. La mayor\u00eda de nuestras pacientes han sido referidas por sus m\u00e9dicos.\t\t\t\t\t\t\t\t<\/div>\n\t\t\t\t<\/div>\n\t\t\t\t\t<\/div>\n\t\t<\/div>\n\t\t\t\t\t<\/div>\n\t\t<\/section>\n\t\t\t\t\t<\/div>\n\t\t<\/div>\n\t\t\t\t\t<\/div>\n\t\t<\/section>\n\t\t\t\t<section class=\"elementor-section elementor-top-section elementor-element elementor-element-bb5d8cf elementor-section-content-middle elementor-section-boxed elementor-section-height-default elementor-section-height-default\" data-id=\"bb5d8cf\" data-element_type=\"section\">\n\t\t\t\t\t\t<div class=\"elementor-container elementor-column-gap-default\">\n\t\t\t\t\t<div class=\"elementor-column elementor-col-50 elementor-top-column elementor-element elementor-element-a6a401a\" data-id=\"a6a401a\" data-element_type=\"column\">\n\t\t\t<div class=\"elementor-widget-wrap elementor-element-populated\">\n\t\t\t\t\t\t<div class=\"elementor-element elementor-element-ec01e84 elementor-widget elementor-widget-image\" data-id=\"ec01e84\" data-element_type=\"widget\" data-widget_type=\"image.default\">\n\t\t\t\t<div class=\"elementor-widget-container\">\n\t\t\t\t\t\t\t\t\t\t\t\t\t\t\t<img decoding=\"async\" width=\"1080\" height=\"1194\" src=\"https:\/\/webexito.com\/wmp\/wp-content\/uploads\/2021\/05\/Two_Girls_Worried_Looking_Pregancy_Test.jpg\" class=\"attachment-full size-full wp-image-3186\" alt=\"Clinica de Aborto para mujeres que piensan en terminar su embarazo\" srcset=\"https:\/\/webexito.com\/wmp\/wp-content\/uploads\/2021\/05\/Two_Girls_Worried_Looking_Pregancy_Test.jpg 1080w, https:\/\/webexito.com\/wmp\/wp-content\/uploads\/2021\/05\/Two_Girls_Worried_Looking_Pregancy_Test-271x300.jpg 271w, https:\/\/webexito.com\/wmp\/wp-content\/uploads\/2021\/05\/Two_Girls_Worried_Looking_Pregancy_Test-926x1024.jpg 926w, https:\/\/webexito.com\/wmp\/wp-content\/uploads\/2021\/05\/Two_Girls_Worried_Looking_Pregancy_Test-768x849.jpg 768w\" sizes=\"(max-width: 1080px) 100vw, 1080px\" \/>\t\t\t\t\t\t\t\t\t\t\t\t\t\t\t<\/div>\n\t\t\t\t<\/div>\n\t\t\t\t\t<\/div>\n\t\t<\/div>\n\t\t\t\t<div class=\"elementor-column elementor-col-50 elementor-top-column elementor-element elementor-element-6e06fee\" data-id=\"6e06fee\" data-element_type=\"column\">\n\t\t\t<div class=\"elementor-widget-wrap elementor-element-populated\">\n\t\t\t\t\t\t<div class=\"elementor-element elementor-element-be53e78 elementor-widget elementor-widget-heading\" data-id=\"be53e78\" data-element_type=\"widget\" data-widget_type=\"heading.default\">\n\t\t\t\t<div class=\"elementor-widget-container\">\n\t\t\t\t\t<h6 class=\"elementor-heading-title elementor-size-medium\">Solicita m\u00e1s informaci\u00f3n<\/h6>\t\t\t\t<\/div>\n\t\t\t\t<\/div>\n\t\t\t\t<div class=\"elementor-element elementor-element-17a2254 elementor-widget elementor-widget-heading\" data-id=\"17a2254\" data-element_type=\"widget\" data-widget_type=\"heading.default\">\n\t\t\t\t<div class=\"elementor-widget-container\">\n\t\t\t\t\t<h2 class=\"elementor-heading-title elementor-size-default\">\u00bfPensando terminar tu embarazo?\u200b<\/h2>\t\t\t\t<\/div>\n\t\t\t\t<\/div>\n\t\t\t\t<div class=\"elementor-element elementor-element-4b0e1eb elementor-widget elementor-widget-text-editor\" data-id=\"4b0e1eb\" data-element_type=\"widget\" data-widget_type=\"text-editor.default\">\n\t\t\t\t<div class=\"elementor-widget-container\">\n\t\t\t\t\t\t\t\t\t<p>En Women\u2019s Medical Pavilion podemos ayudarte con un aborto completamente legal, seguro y confidencial. <strong>Recuerda: T\u00fa decides.<\/strong><\/p>\t\t\t\t\t\t\t\t<\/div>\n\t\t\t\t<\/div>\n\t\t\t\t<div class=\"elementor-element elementor-element-09a3916 elementor-widget elementor-widget-button\" data-id=\"09a3916\" data-element_type=\"widget\" data-widget_type=\"button.default\">\n\t\t\t\t<div class=\"elementor-widget-container\">\n\t\t\t\t\t\t\t\t\t<div class=\"elementor-button-wrapper\">\n\t\t\t\t\t<a class=\"elementor-button elementor-button-link elementor-size-sm\" href=\"tel:787-752-7500\">\n\t\t\t\t\t\t<span class=\"elementor-button-content-wrapper\">\n\t\t\t\t\t\t\t\t\t<span class=\"elementor-button-text\">\u00a1Ll\u00e1manos Hoy!<\/span>\n\t\t\t\t\t<\/span>\n\t\t\t\t\t<\/a>\n\t\t\t\t<\/div>\n\t\t\t\t\t\t\t\t<\/div>\n\t\t\t\t<\/div>\n\t\t\t\t\t<\/div>\n\t\t<\/div>\n\t\t\t\t\t<\/div>\n\t\t<\/section>\n\t\t\t\t<section class=\"elementor-section elementor-top-section elementor-element elementor-element-90df05c elementor-section-content-middle elementor-section-boxed elementor-section-height-default elementor-section-height-default\" data-id=\"90df05c\" data-element_type=\"section\">\n\t\t\t\t\t\t<div class=\"elementor-container elementor-column-gap-default\">\n\t\t\t\t\t<div class=\"elementor-column elementor-col-100 elementor-top-column elementor-element elementor-element-73fef13\" data-id=\"73fef13\" data-element_type=\"column\">\n\t\t\t<div class=\"elementor-widget-wrap elementor-element-populated\">\n\t\t\t\t\t\t<div class=\"elementor-element elementor-element-82a0974 elementor-widget elementor-widget-heading\" data-id=\"82a0974\" data-element_type=\"widget\" data-widget_type=\"heading.default\">\n\t\t\t\t<div class=\"elementor-widget-container\">\n\t\t\t\t\t<h3 class=\"elementor-heading-title elementor-size-default\">\u00bfQu\u00e9 opinan nuestros pacientes?<\/h3>\t\t\t\t<\/div>\n\t\t\t\t<\/div>\n\t\t\t\t<div class=\"elementor-element elementor-element-79430e6 elementor-widget elementor-widget-html\" data-id=\"79430e6\" data-element_type=\"widget\" data-widget_type=\"html.default\">\n\t\t\t\t<div class=\"elementor-widget-container\">\n\t\t\t\t\t<script src=\"https:\/\/apps.elfsight.com\/p\/platform.js\" defer><\/script>\r\n<div class=\"elfsight-app-9ca66f6e-8ee1-4b14-9872-0aaa78d1741c\"><\/div>\t\t\t\t<\/div>\n\t\t\t\t<\/div>\n\t\t\t\t\t<\/div>\n\t\t<\/div>\n\t\t\t\t\t<\/div>\n\t\t<\/section>\n\t\t\t\t<\/div>\n\t\t","protected":false},"excerpt":{"rendered":"<p>Cl\u00ednica de aborto en Puerto Rico Cl\u00ednica de abortos en la que puedes confiar. Si has decido terminar tu embarazo para preservar tu salud f\u00edsica o mental, nosotros podemos ayudarte. Women&#8217;s Medical Pavilion Solicita Orientaci\u00f3n Seguridad El proceso de terminaci\u00f3n de embarazo es seguro. Nuestra cl\u00ednica cuenta con un ambiente limpio y profesional evitando todo [&hellip;]<\/p>\n","protected":false},"author":8,"featured_media":3186,"parent":0,"menu_order":0,"comment_status":"closed","ping_status":"closed","template":"","meta":{"footnotes":""},"class_list":["post-3108","page","type-page","status-publish","has-post-thumbnail","hentry"],"blocksy_meta":{"styles_descriptor":{"styles":{"desktop":"","tablet":"","mobile":""},"google_fonts":[],"version":6},"page_title_panel":"","has_hero_section":"disabled","cb2a6211e152684d723e13e1c660fecd":"","hero_section":"type-1","hero_elements":[{"id":"custom_title","enabled":true,"heading_tag":"h1","title":"Home"},{"id":"custom_description","enabled":true,"description_visibility":{"desktop":true,"tablet":true,"mobile":false}},{"id":"custom_meta","enabled":false,"meta_elements":[{"id":"author","enabled":true,"label":"By","has_author_avatar":"yes","avatar_size":25},{"id":"post_date","enabled":true,"label":"On","date_format_source":"default","date_format":"M j, Y"},{"id":"comments","enabled":true}],"page_meta_elements":{"joined":true,"articles_count":true,"comments":true}},{"id":"breadcrumbs","enabled":false}],"bc1a47594d372d9a5b8cfc0bd7aa8319":"","hero_alignment1":"left","hero_margin":40,"hero_alignment2":"center","hero_vertical_alignment":"center","14e88483689c7b404a3a8ceec8540260":"","hero_structure":"narrow","5645804c473030de054ad87083dd6076":"","page_title_bg_type":"featured_image","custom_hero_background":{"attachment_id":null},"parallax":{"desktop":false,"tablet":false,"mobile":false},"d266df4ff1a2ead10ab057d86669cd13":"","hero_height":"250px","pageTitleFont":{"family":"Default","variation":"Default","size":{"desktop":"32px","tablet":"30px","mobile":"25px"},"line-height":"CT_CSS_SKIP_RULE","letter-spacing":"CT_CSS_SKIP_RULE","text-transform":"CT_CSS_SKIP_RULE","text-decoration":"CT_CSS_SKIP_RULE"},"pageTitleFontColor":{"default":{"color":"CT_CSS_SKIP_RULEDEFAULT"}},"a03cb36c08012dfef68c9c265d88364c":"","pageMetaFont":{"family":"Default","variation":"n6","size":"12px","line-height":"1.3","letter-spacing":"CT_CSS_SKIP_RULE","text-transform":"uppercase","text-decoration":"CT_CSS_SKIP_RULE"},"pageMetaFontColor":{"default":{"color":"CT_CSS_SKIP_RULEDEFAULT"},"hover":{"color":"CT_CSS_SKIP_RULEDEFAULT"}},"page_meta_button_type_font_colors":{"default":{"color":"CT_CSS_SKIP_RULEDEFAULT"},"hover":{"color":"CT_CSS_SKIP_RULEDEFAULT"}},"page_meta_button_type_background_colors":{"default":{"color":"CT_CSS_SKIP_RULEDEFAULT"},"hover":{"color":"CT_CSS_SKIP_RULEDEFAULT"}},"f1ee3de07c5e5bb04d5d5f952b8cb0ad":"","pageExcerptFont":{"family":"Default","variation":"Default","size":"CT_CSS_SKIP_RULE","line-height":"CT_CSS_SKIP_RULE","letter-spacing":"CT_CSS_SKIP_RULE","text-transform":"CT_CSS_SKIP_RULE","text-decoration":"CT_CSS_SKIP_RULE"},"pageExcerptColor":{"default":{"color":"CT_CSS_SKIP_RULEDEFAULT"}},"77a3debb5a18abac2b434463162bbd4c":"","breadcrumbsFont":{"family":"Default","variation":"n6","size":"12px","line-height":"CT_CSS_SKIP_RULE","letter-spacing":"CT_CSS_SKIP_RULE","text-transform":"uppercase","text-decoration":"CT_CSS_SKIP_RULE"},"breadcrumbsFontColor":{"default":{"color":"CT_CSS_SKIP_RULEDEFAULT"},"initial":{"color":"CT_CSS_SKIP_RULEDEFAULT"},"hover":{"color":"CT_CSS_SKIP_RULEDEFAULT"}},"1b168acbab75937023f1a3a282ab34b2":"","pageTitleOverlay":{"default":{"color":"CT_CSS_SKIP_RULE"}},"7fd3478fcacc3e6535b18952db650fd4":"","pageTitleBackground":{"background_type":"color","background_pattern":"type-1","background_image":{"attachment_id":null,"x":0,"y":0},"gradient":"linear-gradient(135deg,rgba(6,147,227,1) 0%,rgb(155,81,224) 100%)","background_repeat":"no-repeat","background_size":"auto","background_attachment":"scroll","patternColor":{"default":{"color":"#e5e7ea"}},"overlayColor":{"default":{"color":"CT_CSS_SKIP_RULE"}},"backgroundColor":{"default":{"color":"var(--theme-palette-color-6)"}}},"b9e57c573a5478d87142a1bbf9765df5":"","pageTitlePadding":{"top":"50px","bottom":"50px","left":"auto","right":"auto","linked":true},"49ed3ff63843160cc3235ad136f6e8bc":"","page_structure_type":"default","eec6ed99e21dcf78747b447c9c656f23":"","content_style_source":"inherit","content_style":"wide","vertical_spacing_source":"custom","content_area_spacing":"none","background":{"background_type":"color","background_pattern":"type-1","background_image":{"attachment_id":null,"x":0,"y":0},"gradient":"linear-gradient(135deg,rgba(6,147,227,1) 0%,rgb(155,81,224) 100%)","background_repeat":"no-repeat","background_size":"auto","background_attachment":"scroll","patternColor":{"default":{"color":"#e5e7ea"}},"overlayColor":{"default":{"color":"CT_CSS_SKIP_RULE"}},"backgroundColor":{"default":{"color":"CT_CSS_SKIP_RULE"}}},"content_background":{"background_type":"color","background_pattern":"type-1","background_image":{"attachment_id":null,"x":0,"y":0},"gradient":"linear-gradient(135deg,rgba(6,147,227,1) 0%,rgb(155,81,224) 100%)","background_repeat":"no-repeat","background_size":"auto","background_attachment":"scroll","patternColor":{"default":{"color":"#e5e7ea"}},"overlayColor":{"default":{"color":"CT_CSS_SKIP_RULE"}},"backgroundColor":{"default":{"color":"var(--theme-palette-color-8)"}}},"content_boxed_shadow":{"inherit":false,"blur":18,"spread":-6,"v_offset":12,"h_offset":0,"inset":false,"enable":true,"color":{"color":"rgba(34, 56, 101, 0.04)"}},"boxed_content_spacing":{"desktop":{"top":"40px","bottom":"40px","left":"40px","right":"40px","linked":true},"tablet":{"top":"35px","bottom":"35px","left":"35px","right":"35px","linked":true},"mobile":{"top":"20px","bottom":"20px","left":"20px","right":"20px","linked":true}},"content_boxed_radius":{"top":"3px","bottom":"3px","left":"3px","right":"3px","linked":true},"6f8782427636a27a8216c1e958ff972a":"","disable_featured_image":"no","disable_header":"no","disable_footer":"no","23a9d7375ea3da0ad7c28d204c99c8d6":"","c27224992922015e85218bc8f2a20eba":"","1c6d801cba7039b60f132b7a6667bccb":"","144e3119d7eb6981b9b62256fef18a22":"","840f52b2b887ae090a8e392698603a48":"","6a2e2cee6e709b6aa7328f086412f747":"","b1a8c80ad3e4527434b6cccbea9b9fc3":"","ba7f6afb58a3657e8ceef28b625dd466":"","82b25816fdd2aab51e6c62aeda07076f":"","6ad8e5559efdc3c04a38ab567a2fdb30":"","570fc61ad40c969fed4e6a39cf0e497a":"","0a6998cd9ed9a8e92ba3b30375f70941":"","7209c75000895e47ca6c84a2075e84c9":"","da659b4775b1ed28363ac17b08931a8a":"","bb4fc7124c67ec6c9dd8281d925c6239":"","cd38d85d2e8604bb1b491796b64eff11":"","8ce66007767cf55e61f0e1f628328ce6":"","e964125f53f16d1c2161fbb64ad7fc99":"","4f549958184af8ba4eb8004781476769":"","4232e4fb944ec985d2bd9c03a938d058":"","b0ecc7a85e5995011ac67d16ce72d9d5":"","0b8e7d0276bdf51ddcc9e24967127cf9":"","e1571f64129d48e2b6a6f7a8b36f9b22":"","af9e9fe6781fa5fbeff3c3336fc70333":"","d1bc9483fe190d6db3ca25bcf6bc5495":"","cfd7d9fb07ef5759ee7664d7c2542e50":"","134c4fe6823e21935b35d038fbd50dd1":"","3b9fbbf3f1d5a9aa1b9130eb0afc9a44":""},"_links":{"self":[{"href":"https:\/\/webexito.com\/wmp\/wp-json\/wp\/v2\/pages\/3108","targetHints":{"allow":["GET"]}}],"collection":[{"href":"https:\/\/webexito.com\/wmp\/wp-json\/wp\/v2\/pages"}],"about":[{"href":"https:\/\/webexito.com\/wmp\/wp-json\/wp\/v2\/types\/page"}],"author":[{"embeddable":true,"href":"https:\/\/webexito.com\/wmp\/wp-json\/wp\/v2\/users\/8"}],"replies":[{"embeddable":true,"href":"https:\/\/webexito.com\/wmp\/wp-json\/wp\/v2\/comments?post=3108"}],"version-history":[{"count":24,"href":"https:\/\/webexito.com\/wmp\/wp-json\/wp\/v2\/pages\/3108\/revisions"}],"predecessor-version":[{"id":5006,"href":"https:\/\/webexito.com\/wmp\/wp-json\/wp\/v2\/pages\/3108\/revisions\/5006"}],"wp:featuredmedia":[{"embeddable":true,"href":"https:\/\/webexito.com\/wmp\/wp-json\/wp\/v2\/media\/3186"}],"wp:attachment":[{"href":"https:\/\/webexito.com\/wmp\/wp-json\/wp\/v2\/media?parent=3108"}],"curies":[{"name":"wp","href":"https:\/\/api.w.org\/{rel}","templated":true}]}}